{"id":107,"date":"2024-09-10T17:49:30","date_gmt":"2024-09-10T15:49:30","guid":{"rendered":"http:\/\/www.5news.de\/?page_id=107"},"modified":"2025-02-24T20:18:05","modified_gmt":"2025-02-24T19:18:05","slug":"taglich-frisch-von-uns-zusammengetragen","status":"publish","type":"page","link":"http:\/\/www.5news.de\/?page_id=107","title":{"rendered":"T\u00e4glich frisch von uns zusammengetragen &#8230;"},"content":{"rendered":"<p><strong>Infos zu Reisen | Lifestyle | Kunst | Stars | Mode<\/strong><br \/>\nUnser t\u00e4glich Update bring&#8216; uns Mittags&#8230;<\/p>\n<p>Die aktuellste Version anschauen: Unser t\u00e4glichs Update wurde Sommer 2024 eingestellt. Herzlichen Dank f\u00fcr Ihre t\u00e4glichen Besuche in den vergangenen 10 Jahren.<\/p>\n<p><a href=\"http:\/\/www.schechler.com\/5news\/wp-content\/uploads\/2014\/09\/paper.li_5News.de_.jpg\"><img loading=\"lazy\" decoding=\"async\" src=\"http:\/\/www.schechler.com\/5news\/wp-content\/uploads\/2014\/09\/paper.li_5News.de_.jpg\" alt=\"paper.li_5News.de\" width=\"600\" height=\"350\" class=\"alignnone size-full wp-image-103\" srcset=\"http:\/\/www.schechler.com\/5news\/wp-content\/uploads\/2014\/09\/paper.li_5News.de_.jpg 600w, http:\/\/www.schechler.com\/5news\/wp-content\/uploads\/2014\/09\/paper.li_5News.de_-150x87.jpg 150w, http:\/\/www.schechler.com\/5news\/wp-content\/uploads\/2014\/09\/paper.li_5News.de_-300x175.jpg 300w\" sizes=\"auto, (max-width: 600px) 100vw, 600px\" \/><\/a><\/p>\n<p>Unsere Datenschutzerkl\u00e4rung finden Sie hier: <a href=\"http:\/\/www.5news.de\/?cat=3\" rel=\"noopener noreferrer\" target=\"_blank\">http:\/\/www.5news.de\/?cat=3<\/a><\/p>\n","protected":false},"excerpt":{"rendered":"<p>Infos zu Reisen | Lifestyle | Kunst | Stars | Mode Unser t\u00e4glich Update bring&#8216; uns Mittags&#8230; Die aktuellste Version anschauen: Unser t\u00e4glichs Update wurde Sommer 2024 eingestellt. Herzlichen Dank f\u00fcr Ihre t\u00e4glichen Besuche in den vergangenen 10 Jahren. Unsere Datenschutzerkl\u00e4rung finden Sie hier: http:\/\/www.5news.de\/?cat=3<\/p>\n","protected":false},"author":1,"featured_media":103,"parent":0,"menu_order":0,"comment_status":"closed","ping_status":"open","template":"","meta":{"footnotes":""},"class_list":["post-107","page","type-page","status-publish","has-post-thumbnail","hentry"],"_links":{"self":[{"href":"http:\/\/www.5news.de\/index.php?rest_route=\/wp\/v2\/pages\/107","targetHints":{"allow":["GET"]}}],"collection":[{"href":"http:\/\/www.5news.de\/index.php?rest_route=\/wp\/v2\/pages"}],"about":[{"href":"http:\/\/www.5news.de\/index.php?rest_route=\/wp\/v2\/types\/page"}],"author":[{"embeddable":true,"href":"http:\/\/www.5news.de\/index.php?rest_route=\/wp\/v2\/users\/1"}],"replies":[{"embeddable":true,"href":"http:\/\/www.5news.de\/index.php?rest_route=%2Fwp%2Fv2%2Fcomments&post=107"}],"version-history":[{"count":1,"href":"http:\/\/www.5news.de\/index.php?rest_route=\/wp\/v2\/pages\/107\/revisions"}],"predecessor-version":[{"id":630,"href":"http:\/\/www.5news.de\/index.php?rest_route=\/wp\/v2\/pages\/107\/revisions\/630"}],"wp:featuredmedia":[{"embeddable":true,"href":"http:\/\/www.5news.de\/index.php?rest_route=\/wp\/v2\/media\/103"}],"wp:attachment":[{"href":"http:\/\/www.5news.de\/index.php?rest_route=%2Fwp%2Fv2%2Fmedia&parent=107"}],"curies":[{"name":"wp","href":"https:\/\/api.w.org\/{rel}","templated":true}]}}